{"id":19770,"date":"2025-08-01T09:59:49","date_gmt":"2025-08-01T09:59:49","guid":{"rendered":"https:\/\/containerconcepts.be\/product\/conteneur-maritime-standard-10-ft-etat-neuf\/"},"modified":"2026-03-30T11:43:08","modified_gmt":"2026-03-30T11:43:08","slug":"conteneur-maritime-standard-10-ft-etat-neuf","status":"publish","type":"product","link":"https:\/\/containerconcepts.be\/fr\/produit\/conteneur-maritime-standard-10-ft-etat-neuf\/","title":{"rendered":"Conteneur maritime standard 10 ft (\u00c9tat neuf)"},"content":{"rendered":"<p>Le conteneur maritime standard 10 ft est une solution de stockage compacte et durable, id\u00e9ale pour les sites disposant de peu d\u2019espace. Avec une longueur d\u2019environ 3 m\u00e8tres, ce conteneur offre un espace de stockage s\u00fbr et r\u00e9sistant aux intemp\u00e9ries pour les mat\u00e9riaux, outils, archives ou marchandises. Gr\u00e2ce \u00e0 sa construction en acier robuste et ses portes verrouillables, le conteneur convient aussi bien \u00e0 un usage temporaire que prolong\u00e9. Le conteneur de 10 ft est facile \u00e0 transporter et \u00e0 installer, et respecte les normes ISO internationales, ce qui le rend \u00e9galement adapt\u00e9 au transport maritime, routier ou ferroviaire.<\/p>\n","protected":false},"excerpt":{"rendered":"<p>Le conteneur maritime standard 10 ft est une solution de stockage compacte et durable, id\u00e9ale pour les sites disposant de&#8230;<\/p>\n<p><a href=\"https:\/\/containerconcepts.be\/fr\/produit\/conteneur-maritime-standard-10-ft-etat-neuf\/\">Lees meer<\/a><\/p>\n","protected":false},"featured_media":18076,"comment_status":"closed","ping_status":"closed","template":"","meta":{"_acf_changed":false},"product_brand":[],"product_cat":[247],"product_tag":[],"class_list":{"0":"post-19770","1":"product","2":"type-product","3":"status-publish","4":"has-post-thumbnail","6":"product_cat-zeecontainer","7":"product_condition-nieuw","8":"product_availability-huur","9":"product_availability-koop","10":"product_size-10ft","12":"first","13":"instock","14":"shipping-taxable","15":"purchasable","16":"product-type-simple"},"acf":[],"_links":{"self":[{"href":"https:\/\/containerconcepts.be\/fr\/wp-json\/wp\/v2\/product\/19770","targetHints":{"allow":["GET"]}}],"collection":[{"href":"https:\/\/containerconcepts.be\/fr\/wp-json\/wp\/v2\/product"}],"about":[{"href":"https:\/\/containerconcepts.be\/fr\/wp-json\/wp\/v2\/types\/product"}],"replies":[{"embeddable":true,"href":"https:\/\/containerconcepts.be\/fr\/wp-json\/wp\/v2\/comments?post=19770"}],"wp:featuredmedia":[{"embeddable":true,"href":"https:\/\/containerconcepts.be\/fr\/wp-json\/wp\/v2\/media\/18076"}],"wp:attachment":[{"href":"https:\/\/containerconcepts.be\/fr\/wp-json\/wp\/v2\/media?parent=19770"}],"wp:term":[{"taxonomy":"product_brand","embeddable":true,"href":"https:\/\/containerconcepts.be\/fr\/wp-json\/wp\/v2\/product_brand?post=19770"},{"taxonomy":"product_cat","embeddable":true,"href":"https:\/\/containerconcepts.be\/fr\/wp-json\/wp\/v2\/product_cat?post=19770"},{"taxonomy":"product_tag","embeddable":true,"href":"https:\/\/containerconcepts.be\/fr\/wp-json\/wp\/v2\/product_tag?post=19770"}],"curies":[{"name":"wp","href":"https:\/\/api.w.org\/{rel}","templated":true}]}}