{"id":19768,"date":"2025-06-26T11:46:09","date_gmt":"2025-06-26T11:46:09","guid":{"rendered":"https:\/\/containerconcepts.be\/product\/conteneur-maritime-standard-20-ft-etat-neuf\/"},"modified":"2026-03-30T11:45:15","modified_gmt":"2026-03-30T11:45:15","slug":"conteneur-maritime-standard-20-ft-etat-neuf","status":"publish","type":"product","link":"https:\/\/containerconcepts.be\/fr\/produit\/conteneur-maritime-standard-20-ft-etat-neuf\/","title":{"rendered":"Conteneur maritime standard 20 ft (\u00c9tat neuf)"},"content":{"rendered":"<p>Le conteneur maritime 20 ft est la norme mondiale pour le stockage et le transport. Ce conteneur en acier est \u00e9tanche au vent et \u00e0 l\u2019eau, enti\u00e8rement verrouillable et parfaitement adapt\u00e9 tant au stockage temporaire qu\u2019au transport international.<br \/>Gr\u00e2ce \u00e0 sa construction robuste, il offre une solution s\u00fbre pour stocker des outils, meubles, mat\u00e9riaux de construction, stocks et bien plus encore. Que vous manquiez d\u2019espace sur le chantier, \u00e0 domicile ou dans l\u2019entrep\u00f4t, ce conteneur constitue la solution pratique id\u00e9ale.<\/p>\n","protected":false},"excerpt":{"rendered":"<p>Le conteneur maritime 20 ft est la norme mondiale pour le stockage et le transport. Ce conteneur en acier est \u00e9tanche au vent et \u00e0 l\u2019eau, enti\u00e8rement verrouillable et parfaitement adapt\u00e9 tant au stockage temporaire qu\u2019au transport international.Gr\u00e2ce \u00e0 sa construction robuste, il offre une solution s\u00fbre pour stocker des outils, meubles, mat\u00e9riaux de construction, [&hellip;]<\/p>\n","protected":false},"featured_media":17742,"comment_status":"closed","ping_status":"closed","template":"","meta":{"_acf_changed":false},"product_brand":[],"product_cat":[247],"product_tag":[],"class_list":{"0":"post-19768","1":"product","2":"type-product","3":"status-publish","4":"has-post-thumbnail","6":"product_cat-zeecontainer","7":"product_condition-nieuw","8":"product_availability-koop","9":"product_size-20ft","11":"first","12":"instock","13":"featured","14":"shipping-taxable","15":"purchasable","16":"product-type-simple"},"acf":[],"_links":{"self":[{"href":"https:\/\/containerconcepts.be\/fr\/wp-json\/wp\/v2\/product\/19768","targetHints":{"allow":["GET"]}}],"collection":[{"href":"https:\/\/containerconcepts.be\/fr\/wp-json\/wp\/v2\/product"}],"about":[{"href":"https:\/\/containerconcepts.be\/fr\/wp-json\/wp\/v2\/types\/product"}],"replies":[{"embeddable":true,"href":"https:\/\/containerconcepts.be\/fr\/wp-json\/wp\/v2\/comments?post=19768"}],"wp:featuredmedia":[{"embeddable":true,"href":"https:\/\/containerconcepts.be\/fr\/wp-json\/wp\/v2\/media\/17742"}],"wp:attachment":[{"href":"https:\/\/containerconcepts.be\/fr\/wp-json\/wp\/v2\/media?parent=19768"}],"wp:term":[{"taxonomy":"product_brand","embeddable":true,"href":"https:\/\/containerconcepts.be\/fr\/wp-json\/wp\/v2\/product_brand?post=19768"},{"taxonomy":"product_cat","embeddable":true,"href":"https:\/\/containerconcepts.be\/fr\/wp-json\/wp\/v2\/product_cat?post=19768"},{"taxonomy":"product_tag","embeddable":true,"href":"https:\/\/containerconcepts.be\/fr\/wp-json\/wp\/v2\/product_tag?post=19768"}],"curies":[{"name":"wp","href":"https:\/\/api.w.org\/{rel}","templated":true}]}}