{"id":19762,"date":"2025-08-07T12:30:16","date_gmt":"2025-08-07T12:30:16","guid":{"rendered":"https:\/\/containerconcepts.be\/product\/podium-20ft\/"},"modified":"2025-08-07T12:30:16","modified_gmt":"2025-08-07T12:30:16","slug":"podium-20ft","status":"publish","type":"product","link":"https:\/\/containerconcepts.be\/fr\/produit\/podium-20ft\/","title":{"rendered":"Podium 20ft"},"content":{"rendered":"<p>Cette sc\u00e8ne container unique est compos\u00e9e de deux conteneurs maritimes de 20 ft empil\u00e9s lat\u00e9ralement et solidement reli\u00e9s via les coins de fixation. Gr\u00e2ce \u00e0 des am\u00e9nagements ing\u00e9nieux, une sc\u00e8ne remarquable et fonctionnelle a \u00e9t\u00e9 cr\u00e9\u00e9e, parfaitement adapt\u00e9e pour des \u00e9v\u00e9nements, spectacles et festivals.<\/p>\n","protected":false},"excerpt":{"rendered":"<p>Deux conteneurs de 20 ft combin\u00e9s pour former une sc\u00e8ne remarquable et fonctionnelle.<\/p>\n<p><a href=\"https:\/\/containerconcepts.be\/fr\/produit\/podium-20ft\/\">Lees meer<\/a><\/p>\n","protected":false},"featured_media":18348,"comment_status":"closed","ping_status":"closed","template":"","meta":{"_acf_changed":false},"product_brand":[],"product_cat":[249],"product_tag":[],"class_list":{"0":"post-19762","1":"product","2":"type-product","3":"status-publish","4":"has-post-thumbnail","6":"product_cat-afgewerkte-concepten","7":"product_condition-gebruikt","8":"product_availability-huur-op-aanvraag","9":"product_size-20ft","11":"first","12":"instock","13":"sold-individually","14":"shipping-taxable","15":"purchasable","16":"product-type-simple"},"acf":[],"_links":{"self":[{"href":"https:\/\/containerconcepts.be\/fr\/wp-json\/wp\/v2\/product\/19762","targetHints":{"allow":["GET"]}}],"collection":[{"href":"https:\/\/containerconcepts.be\/fr\/wp-json\/wp\/v2\/product"}],"about":[{"href":"https:\/\/containerconcepts.be\/fr\/wp-json\/wp\/v2\/types\/product"}],"replies":[{"embeddable":true,"href":"https:\/\/containerconcepts.be\/fr\/wp-json\/wp\/v2\/comments?post=19762"}],"wp:featuredmedia":[{"embeddable":true,"href":"https:\/\/containerconcepts.be\/fr\/wp-json\/wp\/v2\/media\/18348"}],"wp:attachment":[{"href":"https:\/\/containerconcepts.be\/fr\/wp-json\/wp\/v2\/media?parent=19762"}],"wp:term":[{"taxonomy":"product_brand","embeddable":true,"href":"https:\/\/containerconcepts.be\/fr\/wp-json\/wp\/v2\/product_brand?post=19762"},{"taxonomy":"product_cat","embeddable":true,"href":"https:\/\/containerconcepts.be\/fr\/wp-json\/wp\/v2\/product_cat?post=19762"},{"taxonomy":"product_tag","embeddable":true,"href":"https:\/\/containerconcepts.be\/fr\/wp-json\/wp\/v2\/product_tag?post=19762"}],"curies":[{"name":"wp","href":"https:\/\/api.w.org\/{rel}","templated":true}]}}