{"id":19761,"date":"2025-08-07T10:37:28","date_gmt":"2025-08-07T10:37:28","guid":{"rendered":"https:\/\/containerconcepts.be\/product\/conteneur-de-distribution-20ft\/"},"modified":"2026-03-30T11:02:50","modified_gmt":"2026-03-30T11:02:50","slug":"conteneur-de-distribution-20ft","status":"publish","type":"product","link":"https:\/\/containerconcepts.be\/fr\/produit\/conteneur-de-distribution-20ft\/","title":{"rendered":"Conteneur de distribution 20ft"},"content":{"rendered":"<p>Ce conteneur de 20 ft a \u00e9t\u00e9 ing\u00e9nieusement divis\u00e9 en deux parties fonctionnelles, cr\u00e9ant une combinaison astucieuse d\u2019espace int\u00e9rieur et ext\u00e9rieur.<br \/>La premi\u00e8re moiti\u00e9 a \u00e9t\u00e9 am\u00e9nag\u00e9e en espace de stockage compact, enti\u00e8rement ferm\u00e9, \u00e9quip\u00e9 d\u2019un \u00e9clairage et de prises \u00e9lectriques, servant de zone de rangement.<br \/>L\u2019autre moiti\u00e9 a \u00e9t\u00e9 transform\u00e9e en terrasse ouverte et couverte pour accueillir le personnel. Les parois lat\u00e9rales de cette partie ont \u00e9t\u00e9 enti\u00e8rement supprim\u00e9es, mais le toit du conteneur a \u00e9t\u00e9 conserv\u00e9 pour offrir une protection. Une table haute a \u00e9t\u00e9 install\u00e9e sur la terrasse.<\/p>\n","protected":false},"excerpt":{"rendered":"<p>Ce conteneur de 20 ft a \u00e9t\u00e9 ing\u00e9nieusement divis\u00e9 en deux parties fonctionnelles pour l\u2019accueil et la gestion des invit\u00e9s,&#8230;<\/p>\n<p><a href=\"https:\/\/containerconcepts.be\/fr\/produit\/conteneur-de-distribution-20ft\/\">Lees meer<\/a><\/p>\n","protected":false},"featured_media":17978,"comment_status":"closed","ping_status":"closed","template":"","meta":{"_acf_changed":false},"product_brand":[],"product_cat":[249],"product_tag":[],"class_list":{"0":"post-19761","1":"product","2":"type-product","3":"status-publish","4":"has-post-thumbnail","6":"product_cat-afgewerkte-concepten","7":"product_condition-gebruikt","8":"product_availability-huur","9":"product_size-20ft","11":"first","12":"instock","13":"shipping-taxable","14":"product-type-simple"},"acf":[],"_links":{"self":[{"href":"https:\/\/containerconcepts.be\/fr\/wp-json\/wp\/v2\/product\/19761","targetHints":{"allow":["GET"]}}],"collection":[{"href":"https:\/\/containerconcepts.be\/fr\/wp-json\/wp\/v2\/product"}],"about":[{"href":"https:\/\/containerconcepts.be\/fr\/wp-json\/wp\/v2\/types\/product"}],"replies":[{"embeddable":true,"href":"https:\/\/containerconcepts.be\/fr\/wp-json\/wp\/v2\/comments?post=19761"}],"wp:featuredmedia":[{"embeddable":true,"href":"https:\/\/containerconcepts.be\/fr\/wp-json\/wp\/v2\/media\/17978"}],"wp:attachment":[{"href":"https:\/\/containerconcepts.be\/fr\/wp-json\/wp\/v2\/media?parent=19761"}],"wp:term":[{"taxonomy":"product_brand","embeddable":true,"href":"https:\/\/containerconcepts.be\/fr\/wp-json\/wp\/v2\/product_brand?post=19761"},{"taxonomy":"product_cat","embeddable":true,"href":"https:\/\/containerconcepts.be\/fr\/wp-json\/wp\/v2\/product_cat?post=19761"},{"taxonomy":"product_tag","embeddable":true,"href":"https:\/\/containerconcepts.be\/fr\/wp-json\/wp\/v2\/product_tag?post=19761"}],"curies":[{"name":"wp","href":"https:\/\/api.w.org\/{rel}","templated":true}]}}