{"id":19760,"date":"2025-08-07T10:21:13","date_gmt":"2025-08-07T10:21:13","guid":{"rendered":"https:\/\/containerconcepts.be\/product\/conteneur-a-gobelets-20ft\/"},"modified":"2026-04-08T11:15:54","modified_gmt":"2026-04-08T11:15:54","slug":"conteneur-a-gobelets-20ft","status":"publish","type":"product","link":"https:\/\/containerconcepts.be\/fr\/produit\/conteneur-a-gobelets-20ft\/","title":{"rendered":"Conteneur \u00e0 gobelets 20ft"},"content":{"rendered":"<p>Ce conteneur de 20 ft a \u00e9t\u00e9 sp\u00e9cialement transform\u00e9 en point de collecte pour gobelets r\u00e9utilisables, id\u00e9al pour les festivals, \u00e9v\u00e9nements et zones publiques fr\u00e9quent\u00e9es. L\u2019unit\u00e9 est con\u00e7ue pour assurer une circulation fluide et une grande facilit\u00e9 d\u2019utilisation, tant pour les visiteurs que pour le personnel.<br \/>Chaque c\u00f4t\u00e9 long est \u00e9quip\u00e9 de deux guichets, soit un total de quatre guichets, permettant \u00e0 plusieurs visiteurs de retourner leurs gobelets simultan\u00e9ment.<\/br>Les portes doubles d\u2019origine sur l\u2019une des extr\u00e9mit\u00e9s sont conserv\u00e9es et peuvent servir d\u2019acc\u00e8s large pour l\u2019installation ou l\u2019entretien. Sur l\u2019extr\u00e9mit\u00e9 oppos\u00e9e, une porte suppl\u00e9mentaire a \u00e9t\u00e9 install\u00e9e pour le personnel. L\u2019int\u00e9rieur du conteneur est \u00e9quip\u00e9 d\u2019un \u00e9clairage et de prises \u00e9lectriques.<\/p>\n","protected":false},"excerpt":{"rendered":"<p>Ce conteneur de 20 ft a \u00e9t\u00e9 sp\u00e9cialement transform\u00e9 en point de collecte pour gobelets r\u00e9utilisables.<\/p>\n<p><a href=\"https:\/\/containerconcepts.be\/fr\/produit\/conteneur-a-gobelets-20ft\/\">Lees meer<\/a><\/p>\n","protected":false},"featured_media":17868,"comment_status":"closed","ping_status":"closed","template":"","meta":{"_acf_changed":false},"product_brand":[],"product_cat":[249,252],"product_tag":[],"class_list":{"0":"post-19760","1":"product","2":"type-product","3":"status-publish","4":"has-post-thumbnail","6":"product_cat-afgewerkte-concepten","7":"product_cat-barres-de-conteneurs","8":"product_condition-gebruikt","9":"product_availability-huur","10":"product_availability-koop","11":"product_size-20ft","13":"first","14":"instock","15":"shipping-taxable","16":"purchasable","17":"product-type-simple"},"acf":[],"_links":{"self":[{"href":"https:\/\/containerconcepts.be\/fr\/wp-json\/wp\/v2\/product\/19760","targetHints":{"allow":["GET"]}}],"collection":[{"href":"https:\/\/containerconcepts.be\/fr\/wp-json\/wp\/v2\/product"}],"about":[{"href":"https:\/\/containerconcepts.be\/fr\/wp-json\/wp\/v2\/types\/product"}],"replies":[{"embeddable":true,"href":"https:\/\/containerconcepts.be\/fr\/wp-json\/wp\/v2\/comments?post=19760"}],"wp:featuredmedia":[{"embeddable":true,"href":"https:\/\/containerconcepts.be\/fr\/wp-json\/wp\/v2\/media\/17868"}],"wp:attachment":[{"href":"https:\/\/containerconcepts.be\/fr\/wp-json\/wp\/v2\/media?parent=19760"}],"wp:term":[{"taxonomy":"product_brand","embeddable":true,"href":"https:\/\/containerconcepts.be\/fr\/wp-json\/wp\/v2\/product_brand?post=19760"},{"taxonomy":"product_cat","embeddable":true,"href":"https:\/\/containerconcepts.be\/fr\/wp-json\/wp\/v2\/product_cat?post=19760"},{"taxonomy":"product_tag","embeddable":true,"href":"https:\/\/containerconcepts.be\/fr\/wp-json\/wp\/v2\/product_tag?post=19760"}],"curies":[{"name":"wp","href":"https:\/\/api.w.org\/{rel}","templated":true}]}}