{"id":19759,"date":"2025-08-06T13:15:17","date_gmt":"2025-08-06T13:15:17","guid":{"rendered":"https:\/\/containerconcepts.be\/product\/conteneur-cocktail-20ft\/"},"modified":"2026-04-08T11:17:47","modified_gmt":"2026-04-08T11:17:47","slug":"conteneur-cocktail-20ft","status":"publish","type":"product","link":"https:\/\/containerconcepts.be\/fr\/produit\/conteneur-cocktail-20ft\/","title":{"rendered":"Conteneur cocktail 20ft"},"content":{"rendered":"<p>Ce conteneur maritime de 20 ft a \u00e9t\u00e9 transform\u00e9 en un v\u00e9ritable bar \u00e0 cocktails, pr\u00eat \u00e0 \u00eatre utilis\u00e9 lors de festivals, \u00e9v\u00e9nements, bars d\u2019\u00e9t\u00e9 ou concepts \u00e9ph\u00e9m\u00e8res. Le conteneur est \u00e9quip\u00e9 de larges guichets sur toute la longueur d\u2019un c\u00f4t\u00e9 long, facilitant le service et l\u2019interaction avec les clients.<br \/>Les portes d\u2019origine sur les extr\u00e9mit\u00e9s sont conserv\u00e9es et servent d\u2019acc\u00e8s principal pour le personnel et la livraison des marchandises.<br \/>\u00c0 l\u2019int\u00e9rieur, le conteneur est am\u00e9nag\u00e9 de mani\u00e8re fonctionnelle avec un plan de pr\u00e9paration pour cocktails et boissons, des \u00e9viers, un r\u00e9frig\u00e9rateur, des \u00e9tag\u00e8res, un \u00e9clairage et des prises \u00e9lectriques.<\/p>\n","protected":false},"excerpt":{"rendered":"<p>Ce conteneur maritime de 20 ft a \u00e9t\u00e9 transform\u00e9 en un v\u00e9ritable bar \u00e0 cocktails.<\/p>\n<p><a href=\"https:\/\/containerconcepts.be\/fr\/produit\/conteneur-cocktail-20ft\/\">Lees meer<\/a><\/p>\n","protected":false},"featured_media":18126,"comment_status":"closed","ping_status":"closed","template":"","meta":{"_acf_changed":false},"product_brand":[],"product_cat":[249,252],"product_tag":[],"class_list":{"0":"post-19759","1":"product","2":"type-product","3":"status-publish","4":"has-post-thumbnail","6":"product_cat-afgewerkte-concepten","7":"product_cat-barres-de-conteneurs","8":"product_condition-gebruikt","9":"product_availability-huur","10":"product_availability-koop","11":"product_size-20ft","13":"first","14":"instock","15":"shipping-taxable","16":"purchasable","17":"product-type-simple"},"acf":[],"_links":{"self":[{"href":"https:\/\/containerconcepts.be\/fr\/wp-json\/wp\/v2\/product\/19759","targetHints":{"allow":["GET"]}}],"collection":[{"href":"https:\/\/containerconcepts.be\/fr\/wp-json\/wp\/v2\/product"}],"about":[{"href":"https:\/\/containerconcepts.be\/fr\/wp-json\/wp\/v2\/types\/product"}],"replies":[{"embeddable":true,"href":"https:\/\/containerconcepts.be\/fr\/wp-json\/wp\/v2\/comments?post=19759"}],"wp:featuredmedia":[{"embeddable":true,"href":"https:\/\/containerconcepts.be\/fr\/wp-json\/wp\/v2\/media\/18126"}],"wp:attachment":[{"href":"https:\/\/containerconcepts.be\/fr\/wp-json\/wp\/v2\/media?parent=19759"}],"wp:term":[{"taxonomy":"product_brand","embeddable":true,"href":"https:\/\/containerconcepts.be\/fr\/wp-json\/wp\/v2\/product_brand?post=19759"},{"taxonomy":"product_cat","embeddable":true,"href":"https:\/\/containerconcepts.be\/fr\/wp-json\/wp\/v2\/product_cat?post=19759"},{"taxonomy":"product_tag","embeddable":true,"href":"https:\/\/containerconcepts.be\/fr\/wp-json\/wp\/v2\/product_tag?post=19759"}],"curies":[{"name":"wp","href":"https:\/\/api.w.org\/{rel}","templated":true}]}}