{"id":19758,"date":"2025-08-06T13:02:28","date_gmt":"2025-08-06T13:02:28","guid":{"rendered":"https:\/\/containerconcepts.be\/product\/bar-equipee-20ft\/"},"modified":"2026-04-08T11:21:03","modified_gmt":"2026-04-08T11:21:03","slug":"bar-equipee-20ft","status":"publish","type":"product","link":"https:\/\/containerconcepts.be\/fr\/produit\/bar-equipee-20ft\/","title":{"rendered":"Bar \u00e9quip\u00e9e 20ft"},"content":{"rendered":"<p>Ce conteneur maritime de 20 ft a \u00e9t\u00e9 transform\u00e9 en un v\u00e9ritable bar container, id\u00e9al pour les \u00e9v\u00e9nements, festivals, zones de food trucks ou installations temporaires de restauration. Le conteneur est \u00e9quip\u00e9 de quatre larges guichets : deux sur les extr\u00e9mit\u00e9s et deux sur l\u2019un des c\u00f4t\u00e9s longs. Sur l\u2019autre c\u00f4t\u00e9 long, une porte d\u2019acc\u00e8s a \u00e9t\u00e9 install\u00e9e pour le personnel.<br \/>\u00c0 l\u2019int\u00e9rieur, le conteneur est am\u00e9nag\u00e9 de mani\u00e8re fonctionnelle et professionnelle avec des tireuses \u00e0 bi\u00e8re, des r\u00e9frig\u00e9rateurs, un \u00e9vier, un plan de travail, des \u00e9tag\u00e8res, un \u00e9clairage int\u00e9rieur et des prises \u00e9lectriques.<\/p>\n","protected":false},"excerpt":{"rendered":"<p>Ce conteneur maritime de 20 ft a \u00e9t\u00e9 transform\u00e9 en un v\u00e9ritable bar container.<\/p>\n<p><a href=\"https:\/\/containerconcepts.be\/fr\/produit\/bar-equipee-20ft\/\">Lees meer<\/a><\/p>\n","protected":false},"featured_media":17850,"comment_status":"closed","ping_status":"closed","template":"","meta":{"_acf_changed":false},"product_brand":[],"product_cat":[249,252],"product_tag":[],"class_list":{"0":"post-19758","1":"product","2":"type-product","3":"status-publish","4":"has-post-thumbnail","6":"product_cat-afgewerkte-concepten","7":"product_cat-barres-de-conteneurs","8":"product_condition-gebruikt","9":"product_availability-huur","10":"product_availability-koop","11":"product_size-20ft","13":"first","14":"instock","15":"shipping-taxable","16":"purchasable","17":"product-type-simple"},"acf":[],"_links":{"self":[{"href":"https:\/\/containerconcepts.be\/fr\/wp-json\/wp\/v2\/product\/19758","targetHints":{"allow":["GET"]}}],"collection":[{"href":"https:\/\/containerconcepts.be\/fr\/wp-json\/wp\/v2\/product"}],"about":[{"href":"https:\/\/containerconcepts.be\/fr\/wp-json\/wp\/v2\/types\/product"}],"replies":[{"embeddable":true,"href":"https:\/\/containerconcepts.be\/fr\/wp-json\/wp\/v2\/comments?post=19758"}],"wp:featuredmedia":[{"embeddable":true,"href":"https:\/\/containerconcepts.be\/fr\/wp-json\/wp\/v2\/media\/17850"}],"wp:attachment":[{"href":"https:\/\/containerconcepts.be\/fr\/wp-json\/wp\/v2\/media?parent=19758"}],"wp:term":[{"taxonomy":"product_brand","embeddable":true,"href":"https:\/\/containerconcepts.be\/fr\/wp-json\/wp\/v2\/product_brand?post=19758"},{"taxonomy":"product_cat","embeddable":true,"href":"https:\/\/containerconcepts.be\/fr\/wp-json\/wp\/v2\/product_cat?post=19758"},{"taxonomy":"product_tag","embeddable":true,"href":"https:\/\/containerconcepts.be\/fr\/wp-json\/wp\/v2\/product_tag?post=19758"}],"curies":[{"name":"wp","href":"https:\/\/api.w.org\/{rel}","templated":true}]}}