{"id":19757,"date":"2025-08-06T12:36:25","date_gmt":"2025-08-06T12:36:25","guid":{"rendered":"https:\/\/containerconcepts.be\/product\/conteneur-safetyflat-20ft\/"},"modified":"2025-08-06T12:36:25","modified_gmt":"2025-08-06T12:36:25","slug":"conteneur-safetyflat-20ft","status":"publish","type":"product","link":"https:\/\/containerconcepts.be\/fr\/produit\/conteneur-safetyflat-20ft\/","title":{"rendered":"Conteneur Safetyflat 20ft"},"content":{"rendered":"<p>Ce conteneur flat rack 20 ft a \u00e9t\u00e9 transform\u00e9 professionnellement en une plateforme de s\u00e9curit\u00e9, con\u00e7ue pour des situations de travail s\u00e9curis\u00e9es dans des environnements industriels ou sur les chantiers. \u00c9quip\u00e9e de garde-corps solides, de portillons pour un acc\u00e8s s\u00e9curis\u00e9 et de crochets pour mousquetons, cette plateforme offre une solution stable, robuste et conforme pour le travail en hauteur.<br \/>La structure de base provient d\u2019un flat rack standard, ce qui signifie que la plateforme supporte de lourdes charges et peut \u00eatre facilement d\u00e9plac\u00e9e \u00e0 l\u2019aide d\u2019une grue ou d\u2019un chariot \u00e9l\u00e9vateur.<\/p>\n","protected":false},"excerpt":{"rendered":"<p>Ce conteneur flat rack 20ft a \u00e9t\u00e9 transform\u00e9 professionnellement en une plateforme de s\u00e9curit\u00e9.<\/p>\n<p><a href=\"https:\/\/containerconcepts.be\/fr\/produit\/conteneur-safetyflat-20ft\/\">Lees meer<\/a><\/p>\n","protected":false},"featured_media":18335,"comment_status":"closed","ping_status":"closed","template":"","meta":{"_acf_changed":false},"product_brand":[],"product_cat":[249],"product_tag":[],"class_list":{"0":"post-19757","1":"product","2":"type-product","3":"status-publish","4":"has-post-thumbnail","6":"product_cat-afgewerkte-concepten","7":"product_condition-gebruikt","8":"product_availability-koop-op-aanvraag","9":"product_size-20ft","11":"first","12":"instock","13":"shipping-taxable","14":"purchasable","15":"product-type-simple"},"acf":[],"_links":{"self":[{"href":"https:\/\/containerconcepts.be\/fr\/wp-json\/wp\/v2\/product\/19757","targetHints":{"allow":["GET"]}}],"collection":[{"href":"https:\/\/containerconcepts.be\/fr\/wp-json\/wp\/v2\/product"}],"about":[{"href":"https:\/\/containerconcepts.be\/fr\/wp-json\/wp\/v2\/types\/product"}],"replies":[{"embeddable":true,"href":"https:\/\/containerconcepts.be\/fr\/wp-json\/wp\/v2\/comments?post=19757"}],"wp:featuredmedia":[{"embeddable":true,"href":"https:\/\/containerconcepts.be\/fr\/wp-json\/wp\/v2\/media\/18335"}],"wp:attachment":[{"href":"https:\/\/containerconcepts.be\/fr\/wp-json\/wp\/v2\/media?parent=19757"}],"wp:term":[{"taxonomy":"product_brand","embeddable":true,"href":"https:\/\/containerconcepts.be\/fr\/wp-json\/wp\/v2\/product_brand?post=19757"},{"taxonomy":"product_cat","embeddable":true,"href":"https:\/\/containerconcepts.be\/fr\/wp-json\/wp\/v2\/product_cat?post=19757"},{"taxonomy":"product_tag","embeddable":true,"href":"https:\/\/containerconcepts.be\/fr\/wp-json\/wp\/v2\/product_tag?post=19757"}],"curies":[{"name":"wp","href":"https:\/\/api.w.org\/{rel}","templated":true}]}}