{"id":19756,"date":"2025-08-05T13:37:32","date_gmt":"2025-08-05T13:37:32","guid":{"rendered":"https:\/\/containerconcepts.be\/product\/conteneur-de-stockage-20ft-etat-neuf\/"},"modified":"2026-03-30T11:17:10","modified_gmt":"2026-03-30T11:17:10","slug":"conteneur-de-stockage-20ft-etat-neuf","status":"publish","type":"product","link":"https:\/\/containerconcepts.be\/fr\/produit\/conteneur-de-stockage-20ft-etat-neuf\/","title":{"rendered":"Conteneur de stockage 20ft (\u00c9tat neuf)"},"content":{"rendered":"<p>Ce conteneur maritime standard de 20 ft est id\u00e9al comme conteneur de stockage pour des usages temporaires ou permanents. Le conteneur n\u2019a subi aucune modification et conserve ses caract\u00e9ristiques d\u2019origine, telles que les portes doubles en acier, la construction solide en acier corten et la finition \u00e9tanche au vent et \u00e0 l\u2019eau.<br \/>Gr\u00e2ce \u00e0 sa robustesse et \u00e0 ses dimensions standard, ce conteneur est parfaitement adapt\u00e9 pour le stockage s\u00e9curis\u00e9 d\u2019outils, de mat\u00e9riaux, de marchandises, de stocks saisonniers ou d\u2019effets personnels.<\/p>\n","protected":false},"excerpt":{"rendered":"<p>Ce conteneur maritime standard de 20 ft est id\u00e9al comme conteneur de stockage pour des usages temporaires ou permanents.<\/p>\n<p><a href=\"https:\/\/containerconcepts.be\/fr\/produit\/conteneur-de-stockage-20ft-etat-neuf\/\">Lees meer<\/a><\/p>\n","protected":false},"featured_media":17670,"comment_status":"closed","ping_status":"closed","template":"","meta":{"_acf_changed":false},"product_brand":[],"product_cat":[247],"product_tag":[],"class_list":{"0":"post-19756","1":"product","2":"type-product","3":"status-publish","4":"has-post-thumbnail","6":"product_cat-zeecontainer","7":"product_condition-nieuw","8":"product_availability-huur","9":"product_availability-koop","10":"product_size-20ft","12":"first","13":"instock","14":"shipping-taxable","15":"purchasable","16":"product-type-simple"},"acf":[],"_links":{"self":[{"href":"https:\/\/containerconcepts.be\/fr\/wp-json\/wp\/v2\/product\/19756","targetHints":{"allow":["GET"]}}],"collection":[{"href":"https:\/\/containerconcepts.be\/fr\/wp-json\/wp\/v2\/product"}],"about":[{"href":"https:\/\/containerconcepts.be\/fr\/wp-json\/wp\/v2\/types\/product"}],"replies":[{"embeddable":true,"href":"https:\/\/containerconcepts.be\/fr\/wp-json\/wp\/v2\/comments?post=19756"}],"wp:featuredmedia":[{"embeddable":true,"href":"https:\/\/containerconcepts.be\/fr\/wp-json\/wp\/v2\/media\/17670"}],"wp:attachment":[{"href":"https:\/\/containerconcepts.be\/fr\/wp-json\/wp\/v2\/media?parent=19756"}],"wp:term":[{"taxonomy":"product_brand","embeddable":true,"href":"https:\/\/containerconcepts.be\/fr\/wp-json\/wp\/v2\/product_brand?post=19756"},{"taxonomy":"product_cat","embeddable":true,"href":"https:\/\/containerconcepts.be\/fr\/wp-json\/wp\/v2\/product_cat?post=19756"},{"taxonomy":"product_tag","embeddable":true,"href":"https:\/\/containerconcepts.be\/fr\/wp-json\/wp\/v2\/product_tag?post=19756"}],"curies":[{"name":"wp","href":"https:\/\/api.w.org\/{rel}","templated":true}]}}