{"id":19755,"date":"2025-08-05T13:21:14","date_gmt":"2025-08-05T13:21:14","guid":{"rendered":"https:\/\/containerconcepts.be\/product\/bar-modulaire-20ft\/"},"modified":"2026-04-08T11:21:35","modified_gmt":"2026-04-08T11:21:35","slug":"bar-modulaire-20ft","status":"publish","type":"product","link":"https:\/\/containerconcepts.be\/fr\/produit\/bar-modulaire-20ft\/","title":{"rendered":"Bar modulaire 20ft"},"content":{"rendered":"<p>Ce conteneur maritime standard de 20 ft a \u00e9t\u00e9 transform\u00e9 en une unit\u00e9 de service pratique, \u00e9quip\u00e9e de deux larges guichets sur l\u2019un des c\u00f4t\u00e9s longs. Le conteneur est enti\u00e8rement am\u00e9nag\u00e9 pour \u00eatre utilis\u00e9 comme unit\u00e9 mobile de service ou de restauration, avec \u00e0 l\u2019int\u00e9rieur un comptoir, un plan de travail et des \u00e9tag\u00e8res murales pour la pr\u00e9paration et le service des clients.<br \/>Les portes doubles d\u2019origine sur l\u2019extr\u00e9mit\u00e9 du conteneur servent d\u2019acc\u00e8s \u00e0 l\u2019unit\u00e9. L\u2019int\u00e9rieur est \u00e9quip\u00e9 d\u2019un \u00e9clairage et d\u2019une installation \u00e9lectrique, permettant de brancher facilement les appareils.<\/p>\n","protected":false},"excerpt":{"rendered":"<p>Ce conteneur maritime standard de 20 ft a \u00e9t\u00e9 transform\u00e9 en une unit\u00e9 de service pratique, \u00e9quip\u00e9e de deux larges&#8230;<\/p>\n<p><a href=\"https:\/\/containerconcepts.be\/fr\/produit\/bar-modulaire-20ft\/\">Lees meer<\/a><\/p>\n","protected":false},"featured_media":17896,"comment_status":"closed","ping_status":"closed","template":"","meta":{"_acf_changed":false},"product_brand":[],"product_cat":[249,252],"product_tag":[],"class_list":{"0":"post-19755","1":"product","2":"type-product","3":"status-publish","4":"has-post-thumbnail","6":"product_cat-afgewerkte-concepten","7":"product_cat-barres-de-conteneurs","8":"product_condition-gebruikt","9":"product_availability-huur","10":"product_availability-koop","11":"product_size-20ft","13":"first","14":"instock","15":"shipping-taxable","16":"purchasable","17":"product-type-simple"},"acf":[],"_links":{"self":[{"href":"https:\/\/containerconcepts.be\/fr\/wp-json\/wp\/v2\/product\/19755","targetHints":{"allow":["GET"]}}],"collection":[{"href":"https:\/\/containerconcepts.be\/fr\/wp-json\/wp\/v2\/product"}],"about":[{"href":"https:\/\/containerconcepts.be\/fr\/wp-json\/wp\/v2\/types\/product"}],"replies":[{"embeddable":true,"href":"https:\/\/containerconcepts.be\/fr\/wp-json\/wp\/v2\/comments?post=19755"}],"wp:featuredmedia":[{"embeddable":true,"href":"https:\/\/containerconcepts.be\/fr\/wp-json\/wp\/v2\/media\/17896"}],"wp:attachment":[{"href":"https:\/\/containerconcepts.be\/fr\/wp-json\/wp\/v2\/media?parent=19755"}],"wp:term":[{"taxonomy":"product_brand","embeddable":true,"href":"https:\/\/containerconcepts.be\/fr\/wp-json\/wp\/v2\/product_brand?post=19755"},{"taxonomy":"product_cat","embeddable":true,"href":"https:\/\/containerconcepts.be\/fr\/wp-json\/wp\/v2\/product_cat?post=19755"},{"taxonomy":"product_tag","embeddable":true,"href":"https:\/\/containerconcepts.be\/fr\/wp-json\/wp\/v2\/product_tag?post=19755"}],"curies":[{"name":"wp","href":"https:\/\/api.w.org\/{rel}","templated":true}]}}