{"id":19754,"date":"2025-08-05T13:02:38","date_gmt":"2025-08-05T13:02:38","guid":{"rendered":"https:\/\/containerconcepts.be\/product\/conteneur-caisse-20ft\/"},"modified":"2026-04-08T11:23:34","modified_gmt":"2026-04-08T11:23:34","slug":"conteneur-caisse-20ft","status":"publish","type":"product","link":"https:\/\/containerconcepts.be\/fr\/produit\/conteneur-caisse-20ft\/","title":{"rendered":"Conteneur caisse 20ft"},"content":{"rendered":"<p>Ce conteneur maritime standard de 20 ft a \u00e9t\u00e9 transform\u00e9 en un conteneur caisse polyvalent, \u00e9quip\u00e9 de deux larges guichets sur l\u2019un des c\u00f4t\u00e9s longs. Id\u00e9al pour \u00eatre utilis\u00e9 comme unit\u00e9 de caisse lors d\u2019\u00e9v\u00e9nements, festivals ou points de vente temporaires, mais \u00e9galement adapt\u00e9 \u00e0 d\u2019autres usages n\u00e9cessitant un service via des guichets (par ex. bureau d\u2019information, restauration, billetterie, point de distribution\u2026).<br \/>\nSur l\u2019autre c\u00f4t\u00e9 long, une porte d\u2019acc\u00e8s compl\u00e8te a \u00e9t\u00e9 install\u00e9e pour permettre au personnel d\u2019entrer et de sortir facilement. Les portes doubles d\u2019origine sur les extr\u00e9mit\u00e9s du conteneur ont \u00e9t\u00e9 conserv\u00e9es, offrant un acc\u00e8s ou un espace de stockage suppl\u00e9mentaire.<br \/>\u00c0 l\u2019int\u00e9rieur, le conteneur est \u00e9quip\u00e9 de l\u2019\u00e9lectricit\u00e9 avec au moins une prise, permettant de brancher facilement le mat\u00e9riel. L\u2019espace peut \u00eatre am\u00e9nag\u00e9 selon les besoins avec des comptoirs, \u00e9tag\u00e8res ou \u00e9quipements.<\/p>\n","protected":false},"excerpt":{"rendered":"<p>Ce conteneur maritime standard de 20 ft a \u00e9t\u00e9 transform\u00e9 en un conteneur caisse polyvalent, \u00e9quip\u00e9 de deux larges guichets&#8230;<\/p>\n<p><a href=\"https:\/\/containerconcepts.be\/fr\/produit\/conteneur-caisse-20ft\/\">Lees meer<\/a><\/p>\n","protected":false},"featured_media":17944,"comment_status":"closed","ping_status":"closed","template":"","meta":{"_acf_changed":false},"product_brand":[],"product_cat":[249,252],"product_tag":[],"class_list":{"0":"post-19754","1":"product","2":"type-product","3":"status-publish","4":"has-post-thumbnail","6":"product_cat-afgewerkte-concepten","7":"product_cat-barres-de-conteneurs","8":"product_condition-gebruikt","9":"product_availability-huur","10":"product_availability-koop","11":"product_size-20ft","13":"first","14":"instock","15":"shipping-taxable","16":"purchasable","17":"product-type-simple"},"acf":[],"_links":{"self":[{"href":"https:\/\/containerconcepts.be\/fr\/wp-json\/wp\/v2\/product\/19754","targetHints":{"allow":["GET"]}}],"collection":[{"href":"https:\/\/containerconcepts.be\/fr\/wp-json\/wp\/v2\/product"}],"about":[{"href":"https:\/\/containerconcepts.be\/fr\/wp-json\/wp\/v2\/types\/product"}],"replies":[{"embeddable":true,"href":"https:\/\/containerconcepts.be\/fr\/wp-json\/wp\/v2\/comments?post=19754"}],"wp:featuredmedia":[{"embeddable":true,"href":"https:\/\/containerconcepts.be\/fr\/wp-json\/wp\/v2\/media\/17944"}],"wp:attachment":[{"href":"https:\/\/containerconcepts.be\/fr\/wp-json\/wp\/v2\/media?parent=19754"}],"wp:term":[{"taxonomy":"product_brand","embeddable":true,"href":"https:\/\/containerconcepts.be\/fr\/wp-json\/wp\/v2\/product_brand?post=19754"},{"taxonomy":"product_cat","embeddable":true,"href":"https:\/\/containerconcepts.be\/fr\/wp-json\/wp\/v2\/product_cat?post=19754"},{"taxonomy":"product_tag","embeddable":true,"href":"https:\/\/containerconcepts.be\/fr\/wp-json\/wp\/v2\/product_tag?post=19754"}],"curies":[{"name":"wp","href":"https:\/\/api.w.org\/{rel}","templated":true}]}}