{"id":19753,"date":"2025-08-05T12:46:14","date_gmt":"2025-08-05T12:46:14","guid":{"rendered":"https:\/\/containerconcepts.be\/product\/conteneur-cabine-20ft\/"},"modified":"2026-03-30T11:32:32","modified_gmt":"2026-03-30T11:32:32","slug":"conteneur-cabine-20ft","status":"publish","type":"product","link":"https:\/\/containerconcepts.be\/fr\/produit\/conteneur-cabine-20ft\/","title":{"rendered":"Conteneur cabine 20ft"},"content":{"rendered":"<p>Cette cabine de chantier 20 ft est id\u00e9ale pour une utilisation sur des sites temporaires n\u00e9cessitant un espace abrit\u00e9 pour l\u2019administration, les visites de chantier, les pauses, les r\u00e9unions ou le stockage.<br \/>\nUne porte d\u2019acc\u00e8s compl\u00e8te a \u00e9t\u00e9 install\u00e9e sur l\u2019un des c\u00f4t\u00e9s courts, et deux fen\u00eatres \u00e0 ouverture oscillo-battante ont \u00e9t\u00e9 ajout\u00e9es sur l\u2019un des c\u00f4t\u00e9s longs pour assurer un \u00e9clairage naturel et une ventilation.<br \/>L\u2019espace int\u00e9rieur est enti\u00e8rement am\u00e9nag\u00e9 avec isolation, \u00e9lectricit\u00e9 (\u00e9clairage, plusieurs prises) et un syst\u00e8me de chauffage, permettant une utilisation confortable aussi bien en \u00e9t\u00e9 qu\u2019en hiver.<\/p>\n","protected":false},"excerpt":{"rendered":"<p>Ce conteneur maritime standard de 20ft a \u00e9t\u00e9 transform\u00e9 professionnellement en une unit\u00e9 de travail mobile confortable et fonctionnelle.<\/p>\n<p><a href=\"https:\/\/containerconcepts.be\/fr\/produit\/conteneur-cabine-20ft\/\">Lees meer<\/a><\/p>\n","protected":false},"featured_media":18316,"comment_status":"closed","ping_status":"closed","template":"","meta":{"_acf_changed":false},"product_brand":[],"product_cat":[247],"product_tag":[],"class_list":{"0":"post-19753","1":"product","2":"type-product","3":"status-publish","4":"has-post-thumbnail","6":"product_cat-zeecontainer","7":"product_condition-nieuw","8":"product_availability-huur","9":"product_availability-koop","10":"product_size-20ft","12":"first","13":"instock","14":"shipping-taxable","15":"purchasable","16":"product-type-simple"},"acf":[],"_links":{"self":[{"href":"https:\/\/containerconcepts.be\/fr\/wp-json\/wp\/v2\/product\/19753","targetHints":{"allow":["GET"]}}],"collection":[{"href":"https:\/\/containerconcepts.be\/fr\/wp-json\/wp\/v2\/product"}],"about":[{"href":"https:\/\/containerconcepts.be\/fr\/wp-json\/wp\/v2\/types\/product"}],"replies":[{"embeddable":true,"href":"https:\/\/containerconcepts.be\/fr\/wp-json\/wp\/v2\/comments?post=19753"}],"wp:featuredmedia":[{"embeddable":true,"href":"https:\/\/containerconcepts.be\/fr\/wp-json\/wp\/v2\/media\/18316"}],"wp:attachment":[{"href":"https:\/\/containerconcepts.be\/fr\/wp-json\/wp\/v2\/media?parent=19753"}],"wp:term":[{"taxonomy":"product_brand","embeddable":true,"href":"https:\/\/containerconcepts.be\/fr\/wp-json\/wp\/v2\/product_brand?post=19753"},{"taxonomy":"product_cat","embeddable":true,"href":"https:\/\/containerconcepts.be\/fr\/wp-json\/wp\/v2\/product_cat?post=19753"},{"taxonomy":"product_tag","embeddable":true,"href":"https:\/\/containerconcepts.be\/fr\/wp-json\/wp\/v2\/product_tag?post=19753"}],"curies":[{"name":"wp","href":"https:\/\/api.w.org\/{rel}","templated":true}]}}