{"id":19752,"date":"2025-08-04T12:48:21","date_gmt":"2025-08-04T12:48:21","guid":{"rendered":"https:\/\/containerconcepts.be\/product\/conteneur-vitrine-20ft\/"},"modified":"2026-03-30T11:33:53","modified_gmt":"2026-03-30T11:33:53","slug":"conteneur-vitrine-20ft","status":"publish","type":"product","link":"https:\/\/containerconcepts.be\/fr\/produit\/conteneur-vitrine-20ft\/","title":{"rendered":"Conteneur vitrine 20ft"},"content":{"rendered":"<p>Ce conteneur maritime standard de 20 ft unique a \u00e9t\u00e9 enti\u00e8rement transform\u00e9 en une container vitrine ou showroom remarquable, id\u00e9al pour des applications commerciales, des salons, des pop-ups ou des pr\u00e9sentations de produits.<br \/>Les parois lat\u00e9rales en acier d\u2019origine ont \u00e9t\u00e9 remplac\u00e9es par de grands panneaux de verre tremp\u00e9, donnant au conteneur un caract\u00e8re ouvert et accueillant. L\u2019acc\u00e8s \u00e0 double porte sur le c\u00f4t\u00e9 court reste fonctionnel comme dans un conteneur standard, mais a \u00e9galement \u00e9t\u00e9 \u00e9quip\u00e9 de panneaux de verre. Ainsi, le conteneur conserve son aspect industriel tout en affichant un look moderne et \u00e9pur\u00e9.<\/p>\n","protected":false},"excerpt":{"rendered":"<p>Ce conteneur maritime standard de 20 ft unique a \u00e9t\u00e9 enti\u00e8rement transform\u00e9 en un conteneur vitrine ou showroom remarquable.<\/p>\n<p><a href=\"https:\/\/containerconcepts.be\/fr\/produit\/conteneur-vitrine-20ft\/\">Lees meer<\/a><\/p>\n","protected":false},"featured_media":17806,"comment_status":"closed","ping_status":"closed","template":"","meta":{"_acf_changed":false},"product_brand":[],"product_cat":[249],"product_tag":[],"class_list":{"0":"post-19752","1":"product","2":"type-product","3":"status-publish","4":"has-post-thumbnail","6":"product_cat-afgewerkte-concepten","7":"product_condition-gebruikt","8":"product_availability-huur","9":"product_availability-koop-op-aanvraag","10":"product_size-20ft","12":"first","13":"instock","14":"shipping-taxable","15":"purchasable","16":"product-type-simple"},"acf":[],"_links":{"self":[{"href":"https:\/\/containerconcepts.be\/fr\/wp-json\/wp\/v2\/product\/19752","targetHints":{"allow":["GET"]}}],"collection":[{"href":"https:\/\/containerconcepts.be\/fr\/wp-json\/wp\/v2\/product"}],"about":[{"href":"https:\/\/containerconcepts.be\/fr\/wp-json\/wp\/v2\/types\/product"}],"replies":[{"embeddable":true,"href":"https:\/\/containerconcepts.be\/fr\/wp-json\/wp\/v2\/comments?post=19752"}],"wp:featuredmedia":[{"embeddable":true,"href":"https:\/\/containerconcepts.be\/fr\/wp-json\/wp\/v2\/media\/17806"}],"wp:attachment":[{"href":"https:\/\/containerconcepts.be\/fr\/wp-json\/wp\/v2\/media?parent=19752"}],"wp:term":[{"taxonomy":"product_brand","embeddable":true,"href":"https:\/\/containerconcepts.be\/fr\/wp-json\/wp\/v2\/product_brand?post=19752"},{"taxonomy":"product_cat","embeddable":true,"href":"https:\/\/containerconcepts.be\/fr\/wp-json\/wp\/v2\/product_cat?post=19752"},{"taxonomy":"product_tag","embeddable":true,"href":"https:\/\/containerconcepts.be\/fr\/wp-json\/wp\/v2\/product_tag?post=19752"}],"curies":[{"name":"wp","href":"https:\/\/api.w.org\/{rel}","templated":true}]}}