{"id":19750,"date":"2025-08-04T12:00:17","date_gmt":"2025-08-04T12:00:17","guid":{"rendered":"https:\/\/containerconcepts.be\/product\/conteneur-frigorifique-20ft\/"},"modified":"2026-03-30T11:34:40","modified_gmt":"2026-03-30T11:34:40","slug":"conteneur-frigorifique-20ft","status":"publish","type":"product","link":"https:\/\/containerconcepts.be\/fr\/produit\/conteneur-frigorifique-20ft\/","title":{"rendered":"Conteneur frigorifique 20ft"},"content":{"rendered":"<p>Ce conteneur frigorifique 20 ft a \u00e9t\u00e9 transform\u00e9 en un v\u00e9ritable espace de r\u00e9frig\u00e9ration commercial, parfaitement adapt\u00e9 comme vitrine frigorifique mobile ou stockage r\u00e9frig\u00e9r\u00e9 avec fonction de pr\u00e9sentation. \u00c0 l\u2019int\u00e9rieur, le conteneur est \u00e9quip\u00e9 d\u2019\u00e9tag\u00e8res solides sur toute la longueur, avec suffisamment d\u2019espace \u00e0 l\u2019arri\u00e8re pour r\u00e9approvisionner sans interrompre la cha\u00eene du froid.<br \/>Toute la longue paroi du conteneur est dot\u00e9e de grandes portes vitr\u00e9es, rendant le contenu facilement visible et accessible pour les clients ou le personnel. Cela fait de ce conteneur une solution id\u00e9ale pour les \u00e9v\u00e9nements, la restauration, les magasins temporaires, les festivals ou comme solution mobile de r\u00e9frig\u00e9ration pour boissons et produits alimentaires.<\/p>\n","protected":false},"excerpt":{"rendered":"<p>Ce conteneur frigorifique 20 ft a \u00e9t\u00e9 transform\u00e9 en un v\u00e9ritable espace de r\u00e9frig\u00e9ration commercial, parfaitement adapt\u00e9 comme vitrine frigorifique&#8230;<\/p>\n<p><a href=\"https:\/\/containerconcepts.be\/fr\/produit\/conteneur-frigorifique-20ft\/\">Lees meer<\/a><\/p>\n","protected":false},"featured_media":18196,"comment_status":"closed","ping_status":"closed","template":"","meta":{"_acf_changed":false},"product_brand":[],"product_cat":[249],"product_tag":[],"class_list":{"0":"post-19750","1":"product","2":"type-product","3":"status-publish","4":"has-post-thumbnail","6":"product_cat-afgewerkte-concepten","7":"product_condition-gebruikt","8":"product_availability-huur","9":"product_availability-koop","10":"product_size-20ft","12":"first","13":"instock","14":"shipping-taxable","15":"purchasable","16":"product-type-simple"},"acf":[],"_links":{"self":[{"href":"https:\/\/containerconcepts.be\/fr\/wp-json\/wp\/v2\/product\/19750","targetHints":{"allow":["GET"]}}],"collection":[{"href":"https:\/\/containerconcepts.be\/fr\/wp-json\/wp\/v2\/product"}],"about":[{"href":"https:\/\/containerconcepts.be\/fr\/wp-json\/wp\/v2\/types\/product"}],"replies":[{"embeddable":true,"href":"https:\/\/containerconcepts.be\/fr\/wp-json\/wp\/v2\/comments?post=19750"}],"wp:featuredmedia":[{"embeddable":true,"href":"https:\/\/containerconcepts.be\/fr\/wp-json\/wp\/v2\/media\/18196"}],"wp:attachment":[{"href":"https:\/\/containerconcepts.be\/fr\/wp-json\/wp\/v2\/media?parent=19750"}],"wp:term":[{"taxonomy":"product_brand","embeddable":true,"href":"https:\/\/containerconcepts.be\/fr\/wp-json\/wp\/v2\/product_brand?post=19750"},{"taxonomy":"product_cat","embeddable":true,"href":"https:\/\/containerconcepts.be\/fr\/wp-json\/wp\/v2\/product_cat?post=19750"},{"taxonomy":"product_tag","embeddable":true,"href":"https:\/\/containerconcepts.be\/fr\/wp-json\/wp\/v2\/product_tag?post=19750"}],"curies":[{"name":"wp","href":"https:\/\/api.w.org\/{rel}","templated":true}]}}