{"id":19749,"date":"2025-08-04T11:52:55","date_gmt":"2025-08-04T11:52:55","guid":{"rendered":"https:\/\/containerconcepts.be\/product\/conteneur-frigorifique-standard-20-ft-avec-porte-laterale-occasion\/"},"modified":"2026-03-30T11:35:25","modified_gmt":"2026-03-30T11:35:25","slug":"conteneur-frigorifique-standard-20-ft-avec-porte-laterale-occasion","status":"publish","type":"product","link":"https:\/\/containerconcepts.be\/fr\/produit\/conteneur-frigorifique-standard-20-ft-avec-porte-laterale-occasion\/","title":{"rendered":"Conteneur frigorifique standard 20 ft avec porte lat\u00e9rale (Occasion)"},"content":{"rendered":"<p>Ce conteneur frigorifique 20 ft est un conteneur isol\u00e9, con\u00e7u pour le transport et le stockage s\u00fbr de marchandises sensibles \u00e0 la temp\u00e9rature. Le conteneur est \u00e9quip\u00e9 de sa propre unit\u00e9 de r\u00e9frig\u00e9ration.<br \/>\nParticularit\u00e9 de cet exemplaire : une porte d\u2019acc\u00e8s suppl\u00e9mentaire sur le c\u00f4t\u00e9, offrant une grande praticit\u00e9 pour les applications n\u00e9cessitant un acc\u00e8s fr\u00e9quent ou rapide \u00e0 la cargaison. Cette porte lat\u00e9rale est solide, bien isol\u00e9e et s\u2019int\u00e8gre parfaitement \u00e0 la structure existante sans compromettre l\u2019isolation.<br \/>Le reefer est id\u00e9al pour le stockage frigorifique temporaire, les \u00e9v\u00e9nements, la restauration, les applications m\u00e9dicales ou les projets industriels o\u00f9 flexibilit\u00e9 et acc\u00e8s lat\u00e9ral sont un atout.<\/p>\n","protected":false},"excerpt":{"rendered":"<p>Ce conteneur frigorifique 20 ft est un conteneur isol\u00e9, con\u00e7u pour le transport et le stockage s\u00fbr de marchandises sensibles&#8230;<\/p>\n<p><a href=\"https:\/\/containerconcepts.be\/fr\/produit\/conteneur-frigorifique-standard-20-ft-avec-porte-laterale-occasion\/\">Lees meer<\/a><\/p>\n","protected":false},"featured_media":17910,"comment_status":"closed","ping_status":"closed","template":"","meta":{"_acf_changed":false},"product_brand":[],"product_cat":[248],"product_tag":[],"class_list":{"0":"post-19749","1":"product","2":"type-product","3":"status-publish","4":"has-post-thumbnail","6":"product_cat-koelcontainer","7":"product_condition-gebruikt","8":"product_availability-huur","9":"product_availability-koop","10":"product_size-20ft","12":"first","13":"instock","14":"shipping-taxable","15":"purchasable","16":"product-type-simple"},"acf":[],"_links":{"self":[{"href":"https:\/\/containerconcepts.be\/fr\/wp-json\/wp\/v2\/product\/19749","targetHints":{"allow":["GET"]}}],"collection":[{"href":"https:\/\/containerconcepts.be\/fr\/wp-json\/wp\/v2\/product"}],"about":[{"href":"https:\/\/containerconcepts.be\/fr\/wp-json\/wp\/v2\/types\/product"}],"replies":[{"embeddable":true,"href":"https:\/\/containerconcepts.be\/fr\/wp-json\/wp\/v2\/comments?post=19749"}],"wp:featuredmedia":[{"embeddable":true,"href":"https:\/\/containerconcepts.be\/fr\/wp-json\/wp\/v2\/media\/17910"}],"wp:attachment":[{"href":"https:\/\/containerconcepts.be\/fr\/wp-json\/wp\/v2\/media?parent=19749"}],"wp:term":[{"taxonomy":"product_brand","embeddable":true,"href":"https:\/\/containerconcepts.be\/fr\/wp-json\/wp\/v2\/product_brand?post=19749"},{"taxonomy":"product_cat","embeddable":true,"href":"https:\/\/containerconcepts.be\/fr\/wp-json\/wp\/v2\/product_cat?post=19749"},{"taxonomy":"product_tag","embeddable":true,"href":"https:\/\/containerconcepts.be\/fr\/wp-json\/wp\/v2\/product_tag?post=19749"}],"curies":[{"name":"wp","href":"https:\/\/api.w.org\/{rel}","templated":true}]}}