{"id":19748,"date":"2025-08-04T10:43:33","date_gmt":"2025-08-04T10:43:33","guid":{"rendered":"https:\/\/containerconcepts.be\/product\/conteneur-flat-rack-20-ft-occasion\/"},"modified":"2026-03-30T11:36:10","modified_gmt":"2026-03-30T11:36:10","slug":"conteneur-flat-rack-20-ft-occasion","status":"publish","type":"product","link":"https:\/\/containerconcepts.be\/fr\/produit\/conteneur-flat-rack-20-ft-occasion\/","title":{"rendered":"Conteneur Flat Rack 20 ft (Occasion)"},"content":{"rendered":"<p>Le conteneur Flat Rack 20 ft est sp\u00e9cialement con\u00e7u pour le transport de charges lourdes, larges ou de formes atypiques qui ne tiennent pas dans un conteneur ferm\u00e9 standard. Il s\u2019agit par exemple de machines, v\u00e9hicules, tuyaux ou structures m\u00e9talliques. Le conteneur n\u2019a ni parois lat\u00e9rales ni toit, mais poss\u00e8de une structure de plancher en acier solide et des parois d\u2019extr\u00e9mit\u00e9 rabattables, ce qui facilite consid\u00e9rablement le chargement \u00e0 la grue ou au chariot \u00e9l\u00e9vateur.<br \/>Gr\u00e2ce \u00e0 sa structure ouverte et \u00e0 sa grande capacit\u00e9 de charge, le Flat Rack 20 ft est un choix populaire dans l\u2019industrie, la construction et le transport maritime. Il respecte bien s\u00fbr les normes ISO et convient au transport intermodal.<\/p>\n","protected":false},"excerpt":{"rendered":"<p>Le conteneur Flat Rack 20 ft n\u2019a ni parois lat\u00e9rales ni toit, mais poss\u00e8de une structure de plancher en acier&#8230;<\/p>\n<p><a href=\"https:\/\/containerconcepts.be\/fr\/produit\/conteneur-flat-rack-20-ft-occasion\/\">Lees meer<\/a><\/p>\n","protected":false},"featured_media":18289,"comment_status":"closed","ping_status":"closed","template":"","meta":{"_acf_changed":false},"product_brand":[],"product_cat":[247],"product_tag":[],"class_list":{"0":"post-19748","1":"product","2":"type-product","3":"status-publish","4":"has-post-thumbnail","6":"product_cat-zeecontainer","7":"product_condition-gebruikt","8":"product_availability-koop","9":"product_size-20ft","11":"first","12":"instock","13":"shipping-taxable","14":"purchasable","15":"product-type-simple"},"acf":[],"_links":{"self":[{"href":"https:\/\/containerconcepts.be\/fr\/wp-json\/wp\/v2\/product\/19748","targetHints":{"allow":["GET"]}}],"collection":[{"href":"https:\/\/containerconcepts.be\/fr\/wp-json\/wp\/v2\/product"}],"about":[{"href":"https:\/\/containerconcepts.be\/fr\/wp-json\/wp\/v2\/types\/product"}],"replies":[{"embeddable":true,"href":"https:\/\/containerconcepts.be\/fr\/wp-json\/wp\/v2\/comments?post=19748"}],"wp:featuredmedia":[{"embeddable":true,"href":"https:\/\/containerconcepts.be\/fr\/wp-json\/wp\/v2\/media\/18289"}],"wp:attachment":[{"href":"https:\/\/containerconcepts.be\/fr\/wp-json\/wp\/v2\/media?parent=19748"}],"wp:term":[{"taxonomy":"product_brand","embeddable":true,"href":"https:\/\/containerconcepts.be\/fr\/wp-json\/wp\/v2\/product_brand?post=19748"},{"taxonomy":"product_cat","embeddable":true,"href":"https:\/\/containerconcepts.be\/fr\/wp-json\/wp\/v2\/product_cat?post=19748"},{"taxonomy":"product_tag","embeddable":true,"href":"https:\/\/containerconcepts.be\/fr\/wp-json\/wp\/v2\/product_tag?post=19748"}],"curies":[{"name":"wp","href":"https:\/\/api.w.org\/{rel}","templated":true}]}}