{"id":19747,"date":"2025-08-01T14:43:36","date_gmt":"2025-08-01T14:43:36","guid":{"rendered":"https:\/\/containerconcepts.be\/product\/conteneur-maritime-20-ft-a-double-porte-etat-neuf\/"},"modified":"2026-03-30T11:38:57","modified_gmt":"2026-03-30T11:38:57","slug":"conteneur-maritime-20-ft-a-double-porte-etat-neuf","status":"publish","type":"product","link":"https:\/\/containerconcepts.be\/fr\/produit\/conteneur-maritime-20-ft-a-double-porte-etat-neuf\/","title":{"rendered":"Conteneur maritime 20 ft \u00e0 double porte (\u00c9tat neuf)."},"content":{"rendered":"<p>Le conteneur maritime standard 20 ft \u00e0 double porte est une solution de stockage ou de transport robuste et polyvalente. Contrairement au mod\u00e8le classique avec une seule ouverture, ce mod\u00e8le dispose de portes sur les deux c\u00f4t\u00e9s courts. Cela offre une praticit\u00e9 suppl\u00e9mentaire : le chargement et le d\u00e9chargement peuvent se faire des deux c\u00f4t\u00e9s, id\u00e9al pour un emplacement restreint ou lorsque vous avez besoin d\u2019un acc\u00e8s rapide aux deux extr\u00e9mit\u00e9s du conteneur.<br \/>Le conteneur est fabriqu\u00e9 en acier corten durable, enti\u00e8rement \u00e9tanche au vent et \u00e0 l\u2019eau, et respecte les normes ISO internationales. Il convient au transport maritime, routier et ferroviaire, ainsi qu\u2019au stockage de marchandises, de mat\u00e9riel ou d\u2019outils sur site.<\/p>\n","protected":false},"excerpt":{"rendered":"<p>Le conteneur maritime standard 20 ft \u00e0 double porte est une solution de stockage ou de transport robuste et polyvalente&#8230;.<\/p>\n<p><a href=\"https:\/\/containerconcepts.be\/fr\/produit\/conteneur-maritime-20-ft-a-double-porte-etat-neuf\/\">Lees meer<\/a><\/p>\n","protected":false},"featured_media":18275,"comment_status":"closed","ping_status":"closed","template":"","meta":{"_acf_changed":false},"product_brand":[],"product_cat":[247],"product_tag":[],"class_list":{"0":"post-19747","1":"product","2":"type-product","3":"status-publish","4":"has-post-thumbnail","6":"product_cat-zeecontainer","7":"product_condition-nieuw","8":"product_availability-huur","9":"product_availability-koop","10":"product_size-20ft","11":"product_size-dd","13":"first","14":"instock","15":"shipping-taxable","16":"purchasable","17":"product-type-simple"},"acf":[],"_links":{"self":[{"href":"https:\/\/containerconcepts.be\/fr\/wp-json\/wp\/v2\/product\/19747","targetHints":{"allow":["GET"]}}],"collection":[{"href":"https:\/\/containerconcepts.be\/fr\/wp-json\/wp\/v2\/product"}],"about":[{"href":"https:\/\/containerconcepts.be\/fr\/wp-json\/wp\/v2\/types\/product"}],"replies":[{"embeddable":true,"href":"https:\/\/containerconcepts.be\/fr\/wp-json\/wp\/v2\/comments?post=19747"}],"wp:featuredmedia":[{"embeddable":true,"href":"https:\/\/containerconcepts.be\/fr\/wp-json\/wp\/v2\/media\/18275"}],"wp:attachment":[{"href":"https:\/\/containerconcepts.be\/fr\/wp-json\/wp\/v2\/media?parent=19747"}],"wp:term":[{"taxonomy":"product_brand","embeddable":true,"href":"https:\/\/containerconcepts.be\/fr\/wp-json\/wp\/v2\/product_brand?post=19747"},{"taxonomy":"product_cat","embeddable":true,"href":"https:\/\/containerconcepts.be\/fr\/wp-json\/wp\/v2\/product_cat?post=19747"},{"taxonomy":"product_tag","embeddable":true,"href":"https:\/\/containerconcepts.be\/fr\/wp-json\/wp\/v2\/product_tag?post=19747"}],"curies":[{"name":"wp","href":"https:\/\/api.w.org\/{rel}","templated":true}]}}