{"id":19746,"date":"2025-08-01T13:14:21","date_gmt":"2025-08-01T13:14:21","guid":{"rendered":"https:\/\/containerconcepts.be\/product\/conteneur-maritime-40-ft-high-cube-occasion\/"},"modified":"2025-08-01T13:14:21","modified_gmt":"2025-08-01T13:14:21","slug":"conteneur-maritime-40-ft-high-cube-occasion","status":"publish","type":"product","link":"https:\/\/containerconcepts.be\/fr\/produit\/conteneur-maritime-40-ft-high-cube-occasion\/","title":{"rendered":"Conteneur maritime 40 ft High Cube (Occasion)"},"content":{"rendered":"<p>Ce conteneur maritime 40 ft High Cube d\u2019occasion est un choix \u00e9conomique pour ceux qui ont besoin de beaucoup d\u2019espace de stockage \u00e0 prix avantageux. Le conteneur est structurellement en parfait \u00e9tat : \u00e9tanche au vent et \u00e0 l\u2019eau, avec une solide construction en acier corten qui peut encore durer de nombreuses ann\u00e9es. Comme pour tout conteneur d\u2019occasion, des signes d\u2019utilisation sont visibles, tels que des traces de rouille, des bosses et des r\u00e9parations. Cela n\u2019affecte toutefois en rien la fonctionnalit\u00e9 ni l\u2019\u00e9tanch\u00e9it\u00e9. Gr\u00e2ce \u00e0 sa hauteur int\u00e9rieure augment\u00e9e, ce conteneur est id\u00e9al pour des marchandises volumineuses ou comme unit\u00e9 de stockage spacieuse sur site.<\/p>\n","protected":false},"excerpt":{"rendered":"<p>Ce conteneur maritime 40 ft High Cube d\u2019occasion est un choix \u00e9conomique pour ceux qui ont besoin de beaucoup d\u2019espace&#8230;<\/p>\n<p><a href=\"https:\/\/containerconcepts.be\/fr\/produit\/conteneur-maritime-40-ft-high-cube-occasion\/\">Lees meer<\/a><\/p>\n","protected":false},"featured_media":19433,"comment_status":"closed","ping_status":"closed","template":"","meta":{"_acf_changed":false},"product_brand":[],"product_cat":[247],"product_tag":[],"class_list":{"0":"post-19746","1":"product","2":"type-product","3":"status-publish","4":"has-post-thumbnail","6":"product_cat-zeecontainer","7":"product_condition-gebruikt","8":"product_availability-koop","9":"product_size-40ft","10":"product_size-hc","12":"first","13":"instock","14":"featured","15":"shipping-taxable","16":"purchasable","17":"product-type-simple"},"acf":[],"_links":{"self":[{"href":"https:\/\/containerconcepts.be\/fr\/wp-json\/wp\/v2\/product\/19746","targetHints":{"allow":["GET"]}}],"collection":[{"href":"https:\/\/containerconcepts.be\/fr\/wp-json\/wp\/v2\/product"}],"about":[{"href":"https:\/\/containerconcepts.be\/fr\/wp-json\/wp\/v2\/types\/product"}],"replies":[{"embeddable":true,"href":"https:\/\/containerconcepts.be\/fr\/wp-json\/wp\/v2\/comments?post=19746"}],"wp:featuredmedia":[{"embeddable":true,"href":"https:\/\/containerconcepts.be\/fr\/wp-json\/wp\/v2\/media\/19433"}],"wp:attachment":[{"href":"https:\/\/containerconcepts.be\/fr\/wp-json\/wp\/v2\/media?parent=19746"}],"wp:term":[{"taxonomy":"product_brand","embeddable":true,"href":"https:\/\/containerconcepts.be\/fr\/wp-json\/wp\/v2\/product_brand?post=19746"},{"taxonomy":"product_cat","embeddable":true,"href":"https:\/\/containerconcepts.be\/fr\/wp-json\/wp\/v2\/product_cat?post=19746"},{"taxonomy":"product_tag","embeddable":true,"href":"https:\/\/containerconcepts.be\/fr\/wp-json\/wp\/v2\/product_tag?post=19746"}],"curies":[{"name":"wp","href":"https:\/\/api.w.org\/{rel}","templated":true}]}}