{"id":19744,"date":"2025-08-01T11:30:50","date_gmt":"2025-08-01T11:30:50","guid":{"rendered":"https:\/\/containerconcepts.be\/product\/conteneur-maritime-20-ft-high-cube-etat-neuf\/"},"modified":"2026-03-30T11:41:23","modified_gmt":"2026-03-30T11:41:23","slug":"conteneur-maritime-20-ft-high-cube-etat-neuf","status":"publish","type":"product","link":"https:\/\/containerconcepts.be\/fr\/produit\/conteneur-maritime-20-ft-high-cube-etat-neuf\/","title":{"rendered":"Conteneur maritime 20 ft High Cube (\u00c9tat neuf)"},"content":{"rendered":"<p>Le conteneur maritime 20 ft High Cube offre la m\u00eame longueur et polyvalence que le conteneur standard de 20 ft, mais avec une hauteur int\u00e9rieure suppl\u00e9mentaire. Gr\u00e2ce \u00e0 cette construction sur\u00e9lev\u00e9e (environ 30 cm de plus), il est id\u00e9al pour les cargaisons volumineuses ou lorsque plus d\u2019espace de stockage est n\u00e9cessaire sans augmenter l\u2019empreinte au sol. Ce conteneur est enti\u00e8rement fabriqu\u00e9 en acier corten solide, \u00e9tanche au vent et \u00e0 l\u2019eau, et \u00e9quip\u00e9 de portes doubles sur un c\u00f4t\u00e9 pour un acc\u00e8s facile. Il respecte les normes ISO internationales et convient au transport maritime, ferroviaire et routier, ainsi qu\u2019au stockage (semi-)permanent.<\/p>\n","protected":false},"excerpt":{"rendered":"<p>Le conteneur maritime 20 ft High Cube offre la m\u00eame longueur et polyvalence que le conteneur standard de 20 ft,&#8230;<\/p>\n<p><a href=\"https:\/\/containerconcepts.be\/fr\/produit\/conteneur-maritime-20-ft-high-cube-etat-neuf\/\">Lees meer<\/a><\/p>\n","protected":false},"featured_media":17710,"comment_status":"closed","ping_status":"closed","template":"","meta":{"_acf_changed":false},"product_brand":[],"product_cat":[247],"product_tag":[],"class_list":{"0":"post-19744","1":"product","2":"type-product","3":"status-publish","4":"has-post-thumbnail","6":"product_cat-zeecontainer","7":"product_condition-nieuw","8":"product_availability-huur","9":"product_availability-koop","10":"product_size-20ft","11":"product_size-hc","13":"first","14":"instock","15":"shipping-taxable","16":"purchasable","17":"product-type-simple"},"acf":[],"_links":{"self":[{"href":"https:\/\/containerconcepts.be\/fr\/wp-json\/wp\/v2\/product\/19744","targetHints":{"allow":["GET"]}}],"collection":[{"href":"https:\/\/containerconcepts.be\/fr\/wp-json\/wp\/v2\/product"}],"about":[{"href":"https:\/\/containerconcepts.be\/fr\/wp-json\/wp\/v2\/types\/product"}],"replies":[{"embeddable":true,"href":"https:\/\/containerconcepts.be\/fr\/wp-json\/wp\/v2\/comments?post=19744"}],"wp:featuredmedia":[{"embeddable":true,"href":"https:\/\/containerconcepts.be\/fr\/wp-json\/wp\/v2\/media\/17710"}],"wp:attachment":[{"href":"https:\/\/containerconcepts.be\/fr\/wp-json\/wp\/v2\/media?parent=19744"}],"wp:term":[{"taxonomy":"product_brand","embeddable":true,"href":"https:\/\/containerconcepts.be\/fr\/wp-json\/wp\/v2\/product_brand?post=19744"},{"taxonomy":"product_cat","embeddable":true,"href":"https:\/\/containerconcepts.be\/fr\/wp-json\/wp\/v2\/product_cat?post=19744"},{"taxonomy":"product_tag","embeddable":true,"href":"https:\/\/containerconcepts.be\/fr\/wp-json\/wp\/v2\/product_tag?post=19744"}],"curies":[{"name":"wp","href":"https:\/\/api.w.org\/{rel}","templated":true}]}}