{"id":19743,"date":"2025-08-01T11:12:14","date_gmt":"2025-08-01T11:12:14","guid":{"rendered":"https:\/\/containerconcepts.be\/product\/conteneur-maritime-standard-40-ft-etat-neuf\/"},"modified":"2026-03-30T11:42:17","modified_gmt":"2026-03-30T11:42:17","slug":"conteneur-maritime-standard-40-ft-etat-neuf","status":"publish","type":"product","link":"https:\/\/containerconcepts.be\/fr\/produit\/conteneur-maritime-standard-40-ft-etat-neuf\/","title":{"rendered":"Conteneur maritime standard 40 ft (\u00c9tat neuf)."},"content":{"rendered":"<p>Le conteneur maritime standard de 40 ft est l\u2019un des conteneurs les plus utilis\u00e9s dans la logistique et le stockage. Avec une longueur de plus de 12 m\u00e8tres, il offre une capacit\u00e9 de stockage \u00e9norme (env. 67,7 m\u00b3) pour des marchandises, mat\u00e9riaux ou effets personnels. Il est adapt\u00e9 au transport international par bateau, train ou camion et respecte les normes ISO. Sa construction en acier est \u00e9tanche au vent et \u00e0 l\u2019eau, garantissant que le contenu reste s\u00fbr et sec, m\u00eame dans des conditions difficiles. Gr\u00e2ce \u00e0 son volume et sa fiabilit\u00e9, le conteneur de 40 ft est un choix populaire pour le stockage \u00e0 long terme et les op\u00e9rations logistiques \u00e0 grande \u00e9chelle.<\/p>\n","protected":false},"excerpt":{"rendered":"<p>Gr\u00e2ce \u00e0 son volume et \u00e0 sa fiabilit\u00e9, le conteneur de 40 ft est un choix populaire pour le stockage&#8230;<\/p>\n<p><a href=\"https:\/\/containerconcepts.be\/fr\/produit\/conteneur-maritime-standard-40-ft-etat-neuf\/\">Lees meer<\/a><\/p>\n","protected":false},"featured_media":18236,"comment_status":"closed","ping_status":"closed","template":"","meta":{"_acf_changed":false},"product_brand":[],"product_cat":[247],"product_tag":[],"class_list":{"0":"post-19743","1":"product","2":"type-product","3":"status-publish","4":"has-post-thumbnail","6":"product_cat-zeecontainer","7":"product_condition-nieuw","8":"product_availability-huur","9":"product_availability-koop","10":"product_size-40ft","12":"first","13":"instock","14":"featured","15":"shipping-taxable","16":"purchasable","17":"product-type-simple"},"acf":[],"_links":{"self":[{"href":"https:\/\/containerconcepts.be\/fr\/wp-json\/wp\/v2\/product\/19743","targetHints":{"allow":["GET"]}}],"collection":[{"href":"https:\/\/containerconcepts.be\/fr\/wp-json\/wp\/v2\/product"}],"about":[{"href":"https:\/\/containerconcepts.be\/fr\/wp-json\/wp\/v2\/types\/product"}],"replies":[{"embeddable":true,"href":"https:\/\/containerconcepts.be\/fr\/wp-json\/wp\/v2\/comments?post=19743"}],"wp:featuredmedia":[{"embeddable":true,"href":"https:\/\/containerconcepts.be\/fr\/wp-json\/wp\/v2\/media\/18236"}],"wp:attachment":[{"href":"https:\/\/containerconcepts.be\/fr\/wp-json\/wp\/v2\/media?parent=19743"}],"wp:term":[{"taxonomy":"product_brand","embeddable":true,"href":"https:\/\/containerconcepts.be\/fr\/wp-json\/wp\/v2\/product_brand?post=19743"},{"taxonomy":"product_cat","embeddable":true,"href":"https:\/\/containerconcepts.be\/fr\/wp-json\/wp\/v2\/product_cat?post=19743"},{"taxonomy":"product_tag","embeddable":true,"href":"https:\/\/containerconcepts.be\/fr\/wp-json\/wp\/v2\/product_tag?post=19743"}],"curies":[{"name":"wp","href":"https:\/\/api.w.org\/{rel}","templated":true}]}}